{"id":187,"date":"2015-04-28T13:16:17","date_gmt":"2015-04-28T12:16:17","guid":{"rendered":"http:\/\/www.arts-dc.com\/?page_id=187"},"modified":"2022-05-23T10:58:44","modified_gmt":"2022-05-23T09:58:44","slug":"video","status":"publish","type":"page","link":"https:\/\/www.arts-dc.com\/?page_id=187","title":{"rendered":"TOURNEUR SUR BOIS"},"content":{"rendered":"\n<p>Form\u00e9 aupr\u00e8s des plus grands tourneurs sur bois, dans le Jura, \u00e0 Moirans-en-Montagne (39261), on trouve mes \u0153uvres un peu de partout dans le monde ! <\/p>\n\n\n\n<p>Bien que cette activit\u00e9 s\u2019exerce en s\u00e9dentaire, j&rsquo;ai beaucoup voyag\u00e9 et j&rsquo;ai pu me perfectionner tout au long de ma carri\u00e8re, de technologies diverses et vari\u00e9es.<\/p>\n\n\n\n<p>Maintenant install\u00e9 en Gironde, mon artisanat est local. J&rsquo;aime cette r\u00e9gion, l&rsquo;accueil y est particuli\u00e8rement sympathique. Je vous invite \u00e0 m&rsquo;y retrouver pour d\u00e9couvrir mon art \u00e0 travers l&rsquo;Entre-deux-Mers ! <\/p>\n\n\n\n<p><strong>O\u00f9, comment ?<\/strong><\/p>\n\n\n\n<p>&#8211;<a href=\"https:\/\/www.arts-dc.com\/?page_id=499\" data-type=\"URL\" data-id=\"https:\/\/www.arts-dc.com\/?page_id=499\"> lors d&rsquo;un prochain \u00e9v\u00e9nement<\/a><br><a href=\"https:\/\/www.arts-dc.com\/?page_id=527\" data-type=\"URL\" data-id=\"https:\/\/www.arts-dc.com\/?page_id=527\">&#8211; lors d&rsquo;un stage d&rsquo;initiation<\/a><br><a href=\"https:\/\/www.arts-dc.com\/?page_id=183\" data-type=\"URL\" data-id=\"https:\/\/www.arts-dc.com\/?page_id=183\">&#8211; en me contactant <\/a><\/p>\n\n\n\n<figure class=\"wp-block-image size-full is-resized\"><a href=\"https:\/\/www.arts-dc.com\/wp-content\/uploads\/2021\/10\/199320879_195079545840187_2923571689866054631_n.jpg\"><img loading=\"lazy\" src=\"https:\/\/www.arts-dc.com\/wp-content\/uploads\/2021\/10\/199320879_195079545840187_2923571689866054631_n.jpg\" alt=\"\" class=\"wp-image-504\" width=\"168\" height=\"224\" srcset=\"https:\/\/www.arts-dc.com\/wp-content\/uploads\/2021\/10\/199320879_195079545840187_2923571689866054631_n.jpg 672w, https:\/\/www.arts-dc.com\/wp-content\/uploads\/2021\/10\/199320879_195079545840187_2923571689866054631_n-600x800.jpg 600w, https:\/\/www.arts-dc.com\/wp-content\/uploads\/2021\/10\/199320879_195079545840187_2923571689866054631_n-225x300.jpg 225w\" sizes=\"(max-width: 168px) 100vw, 168px\" \/><\/a><\/figure>\n\n\n\n<blockquote class=\"wp-block-quote\"><p><a href=\"https:\/\/www.arts-dc.com\/?page_id=561\" data-type=\"URL\" data-id=\"https:\/\/www.arts-dc.com\/?page_id=561\">A propos<\/a><\/p><\/blockquote>\n\n\n\n<p><\/p>\n","protected":false},"excerpt":{"rendered":"<p>Form\u00e9 aupr\u00e8s des plus grands tourneurs sur bois, dans le Jura, \u00e0 Moirans-en-Montagne (39261), on trouve mes \u0153uvres un peu de partout dans le monde ! Bien que cette activit\u00e9 s\u2019exerce en s\u00e9dentaire, j&rsquo;ai beaucoup voyag\u00e9 et j&rsquo;ai pu me perfectionner tout au long de ma carri\u00e8re, de technologies diverses et vari\u00e9es. Maintenant install\u00e9 en [&hellip;]<\/p>\n","protected":false},"author":1,"featured_media":0,"parent":0,"menu_order":0,"comment_status":"closed","ping_status":"open","template":"","meta":{"spay_email":""},"_links":{"self":[{"href":"https:\/\/www.arts-dc.com\/index.php?rest_route=\/wp\/v2\/pages\/187"}],"collection":[{"href":"https:\/\/www.arts-dc.com\/index.php?rest_route=\/wp\/v2\/pages"}],"about":[{"href":"https:\/\/www.arts-dc.com\/index.php?rest_route=\/wp\/v2\/types\/page"}],"author":[{"embeddable":true,"href":"https:\/\/www.arts-dc.com\/index.php?rest_route=\/wp\/v2\/users\/1"}],"replies":[{"embeddable":true,"href":"https:\/\/www.arts-dc.com\/index.php?rest_route=%2Fwp%2Fv2%2Fcomments&post=187"}],"version-history":[{"count":27,"href":"https:\/\/www.arts-dc.com\/index.php?rest_route=\/wp\/v2\/pages\/187\/revisions"}],"predecessor-version":[{"id":820,"href":"https:\/\/www.arts-dc.com\/index.php?rest_route=\/wp\/v2\/pages\/187\/revisions\/820"}],"wp:attachment":[{"href":"https:\/\/www.arts-dc.com\/index.php?rest_route=%2Fwp%2Fv2%2Fmedia&parent=187"}],"curies":[{"name":"wp","href":"https:\/\/api.w.org\/{rel}","templated":true}]}}