{"id":499,"date":"2021-10-20T08:57:38","date_gmt":"2021-10-20T07:57:38","guid":{"rendered":"https:\/\/www.arts-dc.com\/?page_id=499"},"modified":"2023-02-20T16:32:46","modified_gmt":"2023-02-20T15:32:46","slug":"evenements","status":"publish","type":"page","link":"https:\/\/www.arts-dc.com\/?page_id=499","title":{"rendered":"\u00c9V\u00c8NEMENTS &#8211; AGENDA"},"content":{"rendered":"\n<p>CALENDRIER 1er semestre 2023<\/p>\n\n\n\n<p><\/p>\n\n\n\n<p><strong>du 1er janvier au 6 mai 2023<\/strong><br><a href=\"https:\/\/www.facebook.com\/profile.php?id=100083205608863\" data-type=\"URL\" data-id=\"https:\/\/www.facebook.com\/profile.php?id=100083205608863\">Bisc&rsquo;Art &#8211; 40600 Biscarrosse<\/a><br>J&rsquo;expose \u00e0 la boutique d\u2019art et d\u2019artisanat, tenue par Tiffany<\/p>\n\n\n\n<p><strong>du 3 au 5 mars 2023<\/strong><br><a href=\"https:\/\/www.arts-dc.com\/wp-content\/uploads\/2023\/02\/Bordeaux-3-5-mars-2023-Invitation.pdf\" data-type=\"URL\" data-id=\"https:\/\/www.arts-dc.com\/wp-content\/uploads\/2023\/02\/Bordeaux-3-5-mars-2023-Invitation.pdf\"><span class=\"has-inline-color has-colibri-color-1-color\">Salon Habitat et d\u00e9co- 33300<\/span> Bordeaux<\/a><br>Pensez \u00e0 faire tamponner votre invitation <\/p>\n\n\n\n<p><strong>du 10 au 12 mars 2023<\/strong><br><span class=\"has-inline-color has-colibri-color-1-color\"><a href=\"https:\/\/www.arts-dc.com\/wp-content\/uploads\/2023\/02\/Limoges-10-12-mars-2023-Invitation.pdf\" data-type=\"URL\" data-id=\"https:\/\/www.arts-dc.com\/wp-content\/uploads\/2023\/02\/Limoges-10-12-mars-2023-Invitation.pdf\" target=\"_blank\" rel=\"noreferrer noopener\">Salon D\u00e9co Bellissimo &#8211; 87100 Limoges<\/a><\/span><br>Pensez \u00e0 faire tamponner votre invitation  <\/p>\n\n\n\n<p><strong>du 17 au 19 mars 2023<\/strong><br><a href=\"https:\/\/www.arts-dc.com\/wp-content\/uploads\/2023\/02\/Saintes-17-19-mars-2023-Invitation.pdf\" data-type=\"URL\" data-id=\"https:\/\/www.arts-dc.com\/wp-content\/uploads\/2023\/02\/Saintes-17-19-mars-2023-Invitation.pdf\"><span class=\"has-inline-color has-colibri-color-1-color\">Salon Habitat &amp; d\u00e9co &#8211; <\/span>17100 Saintes<\/a><br>Pensez \u00e0 faire tamponner votre invitation  <\/p>\n\n\n\n<p><strong>le 9 avril 2023<\/strong><br><a href=\"https:\/\/www.arts-dc.com\/wp-content\/uploads\/2023\/02\/Photos-Loubens.jpg\" data-type=\"URL\" data-id=\"https:\/\/www.arts-dc.com\/wp-content\/uploads\/2023\/02\/Photos-Loubens.jpg\">Exposition artisanale (foire aux plantes) &#8211; 33190 Loubens<\/a><br>March\u00e9 prometteur<\/p>\n\n\n\n<p><strong>le 16 avril 2023<\/strong><br><a href=\"https:\/\/www.arts-dc.com\/wp-content\/uploads\/2023\/02\/Photos-Eymet.jpg\" data-type=\"URL\" data-id=\"https:\/\/www.arts-dc.com\/wp-content\/uploads\/2023\/02\/Photos-Eymet.jpg\">March\u00e9 artisans cr\u00e9ateurs &#8211; 24500 Eymet<\/a><br>Ce march\u00e9 a lieu 1 dimanche par mois<\/p>\n\n\n\n<p><strong>du 22 au 23 avril 2023<\/strong><br><a href=\"https:\/\/www.ville-biscarrosse.fr\/agenda\/salon-de-lart-cr%c3%a9atif\/\" data-type=\"URL\" data-id=\"https:\/\/www.ville-biscarrosse.fr\/agenda\/salon-de-lart-cr%c3%a9atif\/\">Salon des arts cr\u00e9atifs &#8211; 40600 Biscarosse<\/a><br>Venez \u00e0 la rencontre de cr\u00e9ateurs r\u00e9gionaux, salle de l&rsquo;Estanquet, sur le site du mus\u00e9e des traditions<\/p>\n\n\n\n<p><strong>du 29 au 30 avril 2023<\/strong><br><a href=\"https:\/\/www.arts-dc.com\/wp-content\/uploads\/2023\/02\/Floralies-2023-Affiche-120x176-Les-Floralies-2023-def-002-scaled.jpg\" data-type=\"URL\" data-id=\"https:\/\/www.arts-dc.com\/wp-content\/uploads\/2023\/02\/Floralies-2023-Affiche-120x176-Les-Floralies-2023-def-002-scaled.jpg\">Les Floralies et le march\u00e9 des cr\u00e9ateurs &#8211; 17330 St Pierre de l&rsquo;Isle<\/a><br>Dans le parc du Ch\u00e2teau de Mornay, \u00e7a promet !<\/p>\n\n\n\n<p><strong>Le 4 mai 2023<\/strong><br><a href=\"https:\/\/www.arts-dc.com\/wp-content\/uploads\/2023\/02\/Photos-Eymet.jpg\">March\u00e9s artisans cr\u00e9ateurs &#8211; 24500 Eymet<\/a><br>Et bien, on remet \u00e7a !<\/p>\n\n\n\n<p><strong>du 18 au 21 mai 2023<\/strong><br><a href=\"https:\/\/metiersdart-grandbergeracois.fr\/salon-et-evenements\/\" data-type=\"URL\" data-id=\"https:\/\/metiersdart-grandbergeracois.fr\/salon-et-evenements\/\">Salon M\u00e9tiers &amp; Arts &#8211; 24540 Monpazier<\/a><br>Entr\u00e9e libre et gratuite pour rencontrer une quarantaine d\u2019exposants cr\u00e9ateurs<br>                                         <\/p>\n\n\n\n<p><strong>&#8230; et sinon sur rendez-vous, \u00e0 l&rsquo;atelier !<\/strong><\/p>\n\n\n\n<p><span style=\"color:#a30016\" class=\"has-inline-color\">Mais<\/span><span style=\"color:#f21307\" class=\"has-inline-color\"> n&rsquo;oubliez pas cette page est r\u00e9guli\u00e8rement mise \u00e0 jour, \u00e7a bouge chez Arts DC  !<\/span><\/p>\n","protected":false},"excerpt":{"rendered":"<p>CALENDRIER 1er semestre 2023 du 1er janvier au 6 mai 2023Bisc&rsquo;Art &#8211; 40600 BiscarrosseJ&rsquo;expose \u00e0 la boutique d\u2019art et d\u2019artisanat, tenue par Tiffany du 3 au 5 mars 2023Salon Habitat et d\u00e9co- 33300 BordeauxPensez \u00e0 faire tamponner votre invitation du 10 au 12 mars 2023Salon D\u00e9co Bellissimo &#8211; 87100 LimogesPensez \u00e0 faire tamponner votre invitation [&hellip;]<\/p>\n","protected":false},"author":1,"featured_media":0,"parent":0,"menu_order":0,"comment_status":"closed","ping_status":"closed","template":"","meta":{"spay_email":""},"_links":{"self":[{"href":"https:\/\/www.arts-dc.com\/index.php?rest_route=\/wp\/v2\/pages\/499"}],"collection":[{"href":"https:\/\/www.arts-dc.com\/index.php?rest_route=\/wp\/v2\/pages"}],"about":[{"href":"https:\/\/www.arts-dc.com\/index.php?rest_route=\/wp\/v2\/types\/page"}],"author":[{"embeddable":true,"href":"https:\/\/www.arts-dc.com\/index.php?rest_route=\/wp\/v2\/users\/1"}],"replies":[{"embeddable":true,"href":"https:\/\/www.arts-dc.com\/index.php?rest_route=%2Fwp%2Fv2%2Fcomments&post=499"}],"version-history":[{"count":40,"href":"https:\/\/www.arts-dc.com\/index.php?rest_route=\/wp\/v2\/pages\/499\/revisions"}],"predecessor-version":[{"id":928,"href":"https:\/\/www.arts-dc.com\/index.php?rest_route=\/wp\/v2\/pages\/499\/revisions\/928"}],"wp:attachment":[{"href":"https:\/\/www.arts-dc.com\/index.php?rest_route=%2Fwp%2Fv2%2Fmedia&parent=499"}],"curies":[{"name":"wp","href":"https:\/\/api.w.org\/{rel}","templated":true}]}}