{"id":527,"date":"2021-10-20T09:52:00","date_gmt":"2021-10-20T08:52:00","guid":{"rendered":"https:\/\/www.arts-dc.com\/?page_id=527"},"modified":"2022-05-23T10:57:21","modified_gmt":"2022-05-23T09:57:21","slug":"stage-dinitiation","status":"publish","type":"page","link":"https:\/\/www.arts-dc.com\/?page_id=527","title":{"rendered":"STAGE D&rsquo;INITIATION"},"content":{"rendered":"\n<p><strong>Stage individuel d&rsquo;initiation au tournage sur bois<\/strong><\/p>\n\n\n\n<p>Je vous propose de d\u00e9couvrir les gestes de base du tournage sur bois. <br>Je  vous accompagnerai dans la r\u00e9alisation d&rsquo;objets en bois (toupies, bols, saladiers, boites, &#8230;.).<\/p>\n\n\n\n<p><strong>Au programme :<\/strong>&nbsp;<\/p>\n\n\n\n<ul><li>La&nbsp; s\u00e9curit\u00e9<\/li><li>D\u00e9couverte du tour \u00e0 bois et des diff\u00e9rents outils<\/li><li>L&rsquo;aff\u00fbtage<\/li><li>Le tournage entre pointe \/ en l&rsquo;air<\/li><li>La finition<\/li><li>R\u00e9alisation d&rsquo;objets en bois de votre choix<\/li><\/ul>\n\n\n\n<p>Initiation et perfectionnement<\/p>\n\n\n\n<p>Tarif : sur demande  <\/p>\n\n\n\n<p>En atelier <\/p>\n\n\n\n<p><em><strong><a href=\"https:\/\/www.arts-dc.com\/?page_id=183\" data-type=\"URL\" data-id=\"https:\/\/www.arts-dc.com\/?page_id=183\">Int\u00e9ress\u00e9(e-s), au plaisir de vous initier ou de vous perfectionner !<\/a><\/strong><\/em><\/p>\n","protected":false},"excerpt":{"rendered":"<p>Stage individuel d&rsquo;initiation au tournage sur bois Je vous propose de d\u00e9couvrir les gestes de base du tournage sur bois. Je vous accompagnerai dans la r\u00e9alisation d&rsquo;objets en bois (toupies, bols, saladiers, boites, &#8230;.). Au programme :&nbsp; La&nbsp; s\u00e9curit\u00e9 D\u00e9couverte du tour \u00e0 bois et des diff\u00e9rents outils L&rsquo;aff\u00fbtage Le tournage entre pointe \/ en [&hellip;]<\/p>\n","protected":false},"author":1,"featured_media":0,"parent":0,"menu_order":0,"comment_status":"closed","ping_status":"closed","template":"","meta":{"spay_email":""},"_links":{"self":[{"href":"https:\/\/www.arts-dc.com\/index.php?rest_route=\/wp\/v2\/pages\/527"}],"collection":[{"href":"https:\/\/www.arts-dc.com\/index.php?rest_route=\/wp\/v2\/pages"}],"about":[{"href":"https:\/\/www.arts-dc.com\/index.php?rest_route=\/wp\/v2\/types\/page"}],"author":[{"embeddable":true,"href":"https:\/\/www.arts-dc.com\/index.php?rest_route=\/wp\/v2\/users\/1"}],"replies":[{"embeddable":true,"href":"https:\/\/www.arts-dc.com\/index.php?rest_route=%2Fwp%2Fv2%2Fcomments&post=527"}],"version-history":[{"count":6,"href":"https:\/\/www.arts-dc.com\/index.php?rest_route=\/wp\/v2\/pages\/527\/revisions"}],"predecessor-version":[{"id":819,"href":"https:\/\/www.arts-dc.com\/index.php?rest_route=\/wp\/v2\/pages\/527\/revisions\/819"}],"wp:attachment":[{"href":"https:\/\/www.arts-dc.com\/index.php?rest_route=%2Fwp%2Fv2%2Fmedia&parent=527"}],"curies":[{"name":"wp","href":"https:\/\/api.w.org\/{rel}","templated":true}]}}